{"id":379,"date":"2021-12-24T15:09:48","date_gmt":"2021-12-24T14:09:48","guid":{"rendered":"http:\/\/locupali.com\/WordPress\/?page_id=379"},"modified":"2026-02-19T18:45:55","modified_gmt":"2026-02-19T17:45:55","slug":"les-nouvelles","status":"publish","type":"page","link":"https:\/\/locupali.com\/WordPress\/index.php\/les-nouvelles\/","title":{"rendered":"Les nouvelles"},"content":{"rendered":"\n<p><\/p>\n\n\n\n<p class=\"has-text-align-left has-black-color has-text-color\">Vous \u00eates sur la page du site de l\u2019association&nbsp;<strong>Locupali<\/strong>&nbsp;(pour&nbsp;LOisirs&nbsp;CUlture&nbsp;PAys de&nbsp;LImours) dans laquelle vous pouvez trouver les derni\u00e8res nouvelles de son fonctionnement. Conform\u00e9ment au slogan,&nbsp;<em>la curiosit\u00e9 n\u2019est plus un d\u00e9faut<\/em>, cliquez sur les diff\u00e9rents onglets en haut \u00e0 droite pour vous informer sur la vie de l&#8217;association, les programmes des sorties culturelles et des sorties spectacles. Une galerie pr\u00e9sente quelques photos repr\u00e9sentatives de nos sorties et des liens vous conduisent vers les dossiers o\u00f9 sont rang\u00e9es l&#8217;ensemble des photos. Cette partie du site sera mise \u00e0 jour r\u00e9guli\u00e8rement.<\/p>\n\n\n\n<p class=\"has-black-color has-text-color\">Le&nbsp;<strong>lieu de d\u00e9part<\/strong>&nbsp;des sorties culturelles ou soir\u00e9es spectacles, quand il n\u2019est pas sp\u00e9cifi\u00e9, est fix\u00e9 \u00e0 l\u2019<em>arr\u00eat d\u2019autobus, place Aristide Briand (monument aux morts) \u00e0 Limours<\/em>.<\/p>\n\n\n\n<p class=\"has-black-color has-text-color\">Consultez le programme de nos&nbsp;activit\u00e9s pr\u00e9vues pour la p\u00e9riode actuelle, <a href=\"https:\/\/locupali.com\/WordPress\/index.php\/sorties-culturelles\/\" target=\"_blank\" rel=\"noreferrer noopener\">sorties culturelles<\/a> et <a href=\"https:\/\/locupali.com\/WordPress\/index.php\/spectacles\/\" target=\"_blank\" rel=\"noreferrer noopener\">spectacles<\/a>, et n\u2019h\u00e9sitez pas \u00e0 vous inscrire gr\u00e2ce aux formulaires d\u00e9di\u00e9s (&#8220;Inscriptions&#8221;).<\/p>\n\n\n\n<p class=\"has-black-color has-text-color\">L&#8217;adh\u00e9sion (r\u00e8glement par virement ou ch\u00e8que d\u00e9pos\u00e9 sous enveloppe dans la bo\u00eete Locupali, \u00e0 la Mairie de Limours) se fait en ligne (voir ci-dessous &#8220;Fiche d&#8217;adh\u00e9sion individuelle&#8221;) ou lors du forum TriAsso de Limours. <\/p>\n\n\n\n<p class=\"has-black-color has-text-color\">Dans tous les cas, veuillez, s&#8217;il vous plait, utiliser la <a href=\"https:\/\/locupali.com\/WordPress\/index.php\/adhesion-a-locupali\/\" target=\"_blank\" rel=\"noreferrer noopener\"><strong>fiche d&#8217;adh\u00e9sion individuelle ici<\/strong>.<\/a><\/p>\n\n\n\n<p class=\"has-text-align-center has-medium-font-size\"><a href=\"mailto:contact-locupali@locupali.com\" target=\"_blank\" rel=\"noreferrer noopener\"><strong>Pour contacter l\u2019association<\/strong><\/a><\/p>\n\n\n\n<h1 class=\"wp-block-heading has-black-color has-white-background-color has-text-color has-background has-large-font-size\">Les derni\u00e8res nouvelles de l&#8217;association<\/h1>\n\n\n\n<ul class=\"wp-block-list\">\n<li class=\"has-black-color has-text-color has-link-color wp-elements-f77abba5dc4b88be1fdf5498e09b5092\"><strong>19\/2\/2026<\/strong> &#8211; Concert de l&#8217;EMH les 11 et 12 avril prochains. Consultez la <a href=\"https:\/\/locupali.com\/WordPress\/index.php\/page-de-pub\/\">Page de Pub<\/a><\/li>\n<\/ul>\n\n\n\n<ul class=\"wp-block-list\">\n<li class=\"has-black-color has-text-color has-link-color wp-elements-23f11aefe702637f730a634473bc65ac\"><strong>18\/2\/2026<\/strong> &#8211; Par manque de participants, l&#8217;escapade \u00e0 Nantes a \u00e9t\u00e9 annul\u00e9e.<\/li>\n<\/ul>\n\n\n\n<ul class=\"wp-block-list has-black-color has-text-color has-link-color wp-elements-beb9dd216c578787df1c58fbb37989a6\">\n<li><strong>2\/12\/2025<\/strong> &#8211; Par manque de participants, l&#8217;escapade \u00e0 Florence et en Toscane a \u00e9t\u00e9 annul\u00e9e.<\/li>\n<\/ul>\n\n\n\n<ul class=\"wp-block-list has-black-color has-text-color has-link-color wp-elements-66347434b6e1dca2909aae6f35c86497\">\n<li><strong>27\/11\/2025<\/strong> &#8211; Par manque de participants, le voyage en Irlande a \u00e9t\u00e9 annul\u00e9.<\/li>\n<\/ul>\n\n\n\n<ul class=\"wp-block-list has-black-color has-text-color has-link-color wp-elements-7e6ec160764b2e7782c757fcb13fed63\">\n<li><strong>19\/11\/2025<\/strong> &#8211; Par manque de participants, l&#8217;escapade \u00e0 Berlin.a \u00e9t\u00e9 annul\u00e9e.<\/li>\n<\/ul>\n\n\n\n<ul class=\"wp-block-list has-black-color has-text-color has-link-color wp-elements-01105cb1a6ec06fb38f0244c45054805\">\n<li><strong>16\/10\/2025<\/strong> &#8211; Encore une nouvelle : l&#8217;escapade \u00e0 Berlin est ouverte \u00e0 l&#8217;inscription. <br>Ce petit voyage vous apportera une bonne vision de cette grande ville, \u00e0 la fois historique et contemporaine.<br><strong>Pr\u00e9cision<\/strong> : comme d&#8217;habitude, nous devons r\u00e9server tr\u00e8s t\u00f4t les billets d&#8217;avion et lever l&#8217;option sur l&#8217;h\u00f4tel. Donc, si vous \u00eates int\u00e9ress\u00e9, inscrivez-vous vite avant le <strong>15 novembre<\/strong>.<\/li>\n<\/ul>\n\n\n\n<ul class=\"wp-block-list has-black-color has-text-color has-link-color wp-elements-14f42dd90a742064a88f1d46df5e34f5\">\n<li><strong>15\/10\/2025 <\/strong>&#8211; Pour f\u00eater notre saison 2025 \/ 2026 et la nouvelle ann\u00e9e, Locupali vous invite \u00e0 partager tous ensemble, un <strong>diner musical<\/strong> qui se tiendra Salle de la Mairie de Bullion \u2013 78830 Bullion, le samedi 24 janvier \u00e0 18h30.<br>Le repas est r\u00e9serv\u00e9 aux adh\u00e9rents Locupali ayant particip\u00e9 au moins \u00e0 une sortie au cours de la saison pr\u00e9c\u00e9dente ou au cours de notre nouvelle saison.<br>Nous demandons \u00e0 chacun une participation de 15 \u20ac<br>Pour vous inscrire et r\u00e9gler votre participation, rendez vous \u00e0 la page <a href=\"https:\/\/locupali.com\/WordPress\/index.php\/inscriptions-aux-sorties\/\">\u00ab inscription aux sorties \u00bb<\/a>.<br>Les conjoints, non adh\u00e9rents, qui souhaiteraient participer \u00e0 ce repas, devront s\u2019acquitter de la somme de 45.00\u20ac par ch\u00e8que \u00e0 l\u2019ordre de Locupali et la demande d\u2019inscription devra \u00eatre faite par mail (ddoppler@locupali.com).<br>En cas d\u2019absence non justifi\u00e9e au repas, son prix pourra vous \u00eatre demand\u00e9.<br>Il n\u2019y aura que 120 places, aussi, merci de vous inscrire tr\u00e8s rapidement afin que nous puissions organiser d\u00e9finitivement ce repas.<\/li>\n<\/ul>\n\n\n\n<ul class=\"wp-block-list has-black-color has-text-color has-link-color wp-elements-6d49dfe28a2a6e84dadad9539054f112\">\n<li>1<strong>3\/10\/2025<\/strong> &#8211; Vous l&#8217;attendiez tous, la demande \u00e9tait importante alors le voil\u00e0, le voyage de l&#8217;ann\u00e9e, en <strong>Irlande<\/strong>, est disponible. Vous pouvez vous inscrire d\u00e8s maintenant. <br><strong>Pr\u00e9cision<\/strong> : pour ces voyages, nous devons r\u00e9server tr\u00e8s t\u00f4t les billets d&#8217;avion sur la base d&#8217;un quota pr\u00e9d\u00e9fini, ici pour 32 personnes (y compris les deux accompagnateurs). Cette option est maintenue jusque <strong>fin novembre<\/strong> et cette date est imp\u00e9rative. Aussi, si vous \u00eates int\u00e9ress\u00e9, inscrivez-vous avant le <strong>28 novembre<\/strong>.<br><br>Mais ce n&#8217;est pas tout. Vous trouverez \u00e9galement dans le programme, une escapade de deux jours \u00e0 <strong>Nantes<\/strong> et, m\u00eame si elle n&#8217;est pas encore visible, l&#8217;escapade \u00e0 <strong>Berlin<\/strong> est en cours de &#8220;finalisation&#8221; et sera bient\u00f4t disponible \u00e0 son tour.<\/li>\n<\/ul>\n\n\n\n<ul class=\"wp-block-list has-black-color has-text-color has-link-color wp-elements-5570e3ed0687bc5152e1f31967b54afb\">\n<li><strong>28\/09\/2025<\/strong> &#8211; L&#8217;escapade \u00e0 Lisbonne et l&#8217;escapade \u00e0 Lyon ont \u00e9t\u00e9 annul\u00e9es par manque de participants<\/li>\n<\/ul>\n\n\n\n<ul class=\"wp-block-list has-black-color has-text-color has-link-color wp-elements-fd94f0d13862f533562a95353c330541\">\n<li><strong>25\/07\/2025<\/strong> &#8211; Le site a \u00e9t\u00e9 mis \u00e0 jour pour pr\u00e9senter en avance les premi\u00e8res sorties et escapades que nous proposons pour la nouvelle saison.<\/li>\n<\/ul>\n\n\n\n<p><\/p>\n\n\n\n<h2 class=\"wp-block-heading has-text-align-center has-vivid-purple-color has-text-color has-link-color wp-elements-0955c5403accafb2468381a1e705788f\">Bienvenue dans la nouvelle saison 2025 &#8211; 2026<\/h2>\n\n\n\n<p class=\"has-black-color has-text-color has-link-color wp-elements-8d25d22e214af790c3e9a300c9078bab\">L&#8217;association Locupali est heureuse de vous pr\u00e9senter sa toute nouvelle saison, pleine de sorties, d&#8217;escapades et de voyage passionnants et d&#8217;opportunit\u00e9s uniques. Que vous soyez d\u00e9j\u00e0 membre de l&#8217;association ou que vous souhaitiez nous rejoindre pour la premi\u00e8re fois, cette nouvelle saison promet d&#8217;\u00eatre une exp\u00e9rience enrichissante et m\u00e9morable pour tous. <br>Allez vite consulter les programmes des <a href=\"https:\/\/locupali.com\/WordPress\/index.php\/sorties-culturelles\/\" target=\"_blank\" rel=\"noreferrer noopener\">sorties culturelles<\/a> et des <a href=\"https:\/\/locupali.com\/WordPress\/index.php\/spectacles\/\" target=\"_blank\" rel=\"noreferrer noopener\">spectacles<\/a> pour tout connaitre de cette saison.<\/p>\n\n\n\n<p class=\"has-black-color has-text-color has-link-color wp-elements-a56c3d43b0f25551b03d99d96dbc654c\">Vous allez d\u00e9couvrir toutes les nouveaut\u00e9s que nous vous proposons pour les sorties et spectacles et vous pourrez feuilleter les catalogues correspondant dans les pages habituelles afin de faire votre choix et vous inscrire selon la proc\u00e9dure qui vous est famili\u00e8re maintenant, dans les pages &#8220;<a href=\"https:\/\/locupali.com\/WordPress\/index.php\/inscriptions-aux-sorties\/\" target=\"_blank\" rel=\"noreferrer noopener\">Inscriptions aux sorties<\/a>&#8221; et &#8220;<a href=\"https:\/\/locupali.com\/WordPress\/index.php\/inscriptions-aux-spectacles\/\" target=\"_blank\" rel=\"noreferrer noopener\">Inscriptions aux spectacles<\/a>&#8220;.<\/p>\n\n\n\n<p class=\"has-black-color has-text-color has-link-color wp-elements-0928c2b2a8d3c32b56427e10369aa0e8\">Afin de faciliter la lecture des programmes et des fiches d\u00e9taill\u00e9es qui peuvent \u00e9ventuellement les accompagner, leur pr\u00e9sentation a chang\u00e9. Dor\u00e9navant, l&#8217;ensemble programmes-fiches se pr\u00e9sente sous la forme d&#8217;un catalogue dont vous pourrez facilement tourner les pages et avoir toutes les informations regroup\u00e9es.<\/p>\n\n\n\n<p class=\"has-black-color has-text-color has-link-color wp-elements-83fa6f01ae785e842078186e85c05af8\">Rappelons que le &#8220;programme&#8221; d&#8217;une sortie ou d&#8217;un spectacle pr\u00e9sente une synth\u00e8se du sujet avec, notamment, les prix et modalit\u00e9s de paiement, et le d\u00e9roulement est d\u00e9crit, si besoin, dans la fiche d\u00e9taill\u00e9e qui lui est associ\u00e9e.<\/p>\n\n\n\n<p class=\"has-black-color has-text-color has-link-color wp-elements-2b2cd77928a66dc4274bce4f77569d3a\">La l\u00e9gende, sous le catalogue, vous aidera \u00e0 naviguer dans celui-ci. Et n&#8217;oubliez pas de mettre le son !<\/p>\n\n\n\n<p class=\"has-black-color has-text-color has-link-color wp-elements-f340533aa08838081f07812b5262d631\">Vous aurez aussi not\u00e9 une nouveaut\u00e9 dans les onglets du site puisqu&#8217;il y en a un nouveau, &#8220;Speaker&#8217;s corner&#8221; (*).<\/p>\n\n\n\n<p class=\"has-black-color has-text-color has-link-color wp-elements-d28d85173db05cdb2dc53ccc6df8b8af\">En effet, la pratique de l&#8217;anglais pouvant s&#8217;av\u00e9rer tr\u00e8s utile lors de nos escapades et voyages, l&#8217;association a d\u00e9cid\u00e9 de vous offrir la possibilit\u00e9 d&#8217;exercer vos connaissances dans cette langue dans le cadre de conversations propos\u00e9es par une locupalienne qui vous pr\u00e9sente son activit\u00e9 en d\u00e9tail dans la page correspondante.<br>Une nouveaut\u00e9 vous est propos\u00e9e cette ann\u00e9e : &#8220;<strong>L&#8217;anglais de survie<\/strong>&#8220;.<br>Pour les personnes n&#8217;ayant pas de connaissance (ou tr\u00e8s peu&#8230;) dans la langue de Shakespeare et d\u00e9sireuse de ne pas \u00eatre perdue lors de nos voyages \u00e0 l&#8217;\u00e9tranger&#8230;<\/p>\n\n\n\n<p class=\"has-black-color has-text-color has-link-color wp-elements-0cf3180775172d08fce0832863a10b58\"><em>(*) Le Speakers&#8217; Corner est l&#8217;espace r\u00e9serv\u00e9 au nord-est de Hyde Park, \u00e0 Londres, o\u00f9 chacun peut prendre la parole librement et assumer un r\u00f4le temporaire d&#8217;orateur devant l&#8217;assistance du moment.<\/em><br><em>(Wikipedia)<\/em><\/p>\n\n\n\n<p class=\"has-black-color has-text-color has-link-color wp-elements-9ac00cf961d1ea846fe5a532228b76c6\"><\/p>\n\n\n\n<p class=\"has-text-align-center has-vivid-purple-color has-white-background-color has-text-color has-background has-medium-font-size\"><strong>Quelques rappels de fonctionnement de votre association<\/strong><\/p>\n\n\n\n<p class=\"has-black-color has-text-color\">Vous savez maintenant que vous pouvez vous <strong>inscrire sur le site <\/strong>aux diff\u00e9rentes sorties, <a href=\"https:\/\/locupali.com\/WordPress\/index.php\/inscriptions-aux-sorties\/\" target=\"_blank\" rel=\"noreferrer noopener\">Culturelles<\/a> (y compris escapades et voyage) et <a href=\"https:\/\/locupali.com\/WordPress\/index.php\/inscriptions-aux-spectacles\/\" target=\"_blank\" rel=\"noreferrer noopener\">Spectacles<\/a> gr\u00e2ce \u00e0 un formulaire dans lequel il vous suffira de cocher la case correspondant \u00e0 votre choix, renseigner les diff\u00e9rentes rubriques et enregistrer l&#8217;ensemble. C&#8217;est tout.<br>L&#8217;organisateur sera imm\u00e9diatement inform\u00e9 de votre inscription et vous pourrez r\u00e9gler selon le mode de paiement que vous aurez indiqu\u00e9, virement ou ch\u00e8que.<br>Notez qu\u2019il faut remplir un formulaire d\u2019inscription pour chaque sortie, mais n\u00e9anmoins, ce formulaire&nbsp;pr\u00e9voit la possibilit\u00e9 d\u2019inscrire plusieurs participants \u00e0 une m\u00eame sortie.<\/p>\n\n\n\n<p class=\"has-black-color has-text-color has-link-color wp-elements-d1b1ab3887532c665eb54f749b68b55a\"><strong>Un point tr\u00e8s important \u00e0 noter : votre inscription doit \u00eatre accompagn\u00e9e du r\u00e8glement correspondant pour pouvoir \u00eatre prise en compte. Dans le cas contraire, votre nom n&#8217;apparaitra pas dans la liste des participants \u00e0 une sortie, accessible dans la page Aide-M\u00e9moire<\/strong><\/p>\n\n\n\n<p class=\"has-black-color has-text-color\">Pour votre information, sachez que pour les escapades et voyages en groupe, tous les voyagistes demandent que nous leur fournissions le nombre de participants <strong>longtemps \u00e0 l\u2019avance<\/strong> (8 \u00e0 10 mois avant le d\u00e9part) afin de r\u00e9server le nombre suffisant de places dans les h\u00f4tels et dans les moyens de transport (en particulier avion) et b\u00e9n\u00e9ficier ainsi d\u2019une garantie de places et de prix les plus bas possibles.<br>Cette proc\u00e9dure obligatoire n\u00e9cessite que nous r\u00e9glions au moment de la prise d\u2019options, un acompte, souvent de 30 % du prix total, ce qui entraine les contraintes suivantes :<\/p>\n\n\n\n<ul class=\"wp-block-list has-black-color has-text-color\">\n<li>il est important que nous connaissions le nombre de personnes int\u00e9ress\u00e9es avec un \u00ab bon coefficient \u00bb de certitude ,<\/li>\n\n\n\n<li>comme nous sommes une association \u00e0 but non lucratif, notre solde cr\u00e9diteur (notre tr\u00e9sorerie) est limit\u00e9 pour couvrir essentiellement les frais de fonctionnement et les pertes pour des sorties o\u00f9 il y a eu des d\u00e9sistements non remplac\u00e9s.<\/li>\n<\/ul>\n\n\n\n<p class=\"has-black-color has-text-color\">C\u2019est pourquoi, afin de r\u00e9gler les acomptes n\u00e9cessaires \u00e0 la r\u00e9servation des diff\u00e9rents voyages et escapades, nous vous demandons un <strong>premier acompte d\u00e8s l\u2019inscription<\/strong>.<br>Bien s\u00fbr, il vous sera toujours possible, en application des r\u00e8gles d\u2019annulation de participation (voir le r\u00e8glement de l&#8217;association), de vous d\u00e9sister.<br>Voil\u00e0 pourquoi, si vous \u00eates int\u00e9ress\u00e9s par un voyage et\/ou une escapade, nous vous demandons de vous inscrire au plus vite d\u00e8s connaissance du programme.<\/p>\n\n\n\n<p class=\"has-black-color has-text-color\">Pour &#8220;all\u00e9ger&#8221; le poids financier des escapades et des voyages, nous avons mis en place <strong>un mode de paiement \u00e9chelonn\u00e9<\/strong> pour ces <strong>deux cat\u00e9gories de sorties<\/strong> uniquement.<br>Le nombre d&#8217;\u00e9ch\u00e9ances sera d\u00e9fini selon le montant de l&#8217;escapade et du voyage concern\u00e9.<br>Cette information sera pr\u00e9cis\u00e9e dans le programme des sorties culturelles concern\u00e9es et vous pourrez en profiter <strong>en mode de paiement par virement uniquement<\/strong>.<br>Si vous ne le souhaitez pas, il vous sera toujours possible de payer en ch\u00e8que ou par virement selon la m\u00e9thode actuelle, pr\u00e9cis\u00e9e \u00e9galement dans le programme.<\/p>\n\n\n\n<p class=\"has-black-color has-text-color\">Enfin, sachez que ce site, locupali.com, vous est destin\u00e9. Vous y trouverez toutes les informations \u00e0 conna\u00eetre pour les diverses sorties, culturelles et spectacles. <\/p>\n\n\n\n<p class=\"has-vivid-purple-color has-text-color\"><strong><u>Lisez bien tout. <\/u><\/strong><\/p>\n\n\n\n<p class=\"has-black-color has-text-color\">Une erreur ou un oubli sont toujours possibles mais nous travaillons pour apporter tous les d\u00e9tails descriptifs que vous devez conna\u00eetre pour faire votre choix.<\/p>\n\n\n\n<p class=\"has-vivid-purple-color has-text-color\"><strong>Alors, \u00e0 bient\u00f4t !<\/strong><\/p>\n\n\n\n<p><\/p>\n\n\n\n<div style=\"height:11px\" aria-hidden=\"true\" class=\"wp-block-spacer\"><\/div>\n<div class=\"pvc_clear\"><\/div><p id=\"pvc_stats_379\" class=\"pvc_stats total_only  \" data-element-id=\"379\" style=\"\"><i class=\"pvc-stats-icon medium\" aria-hidden=\"true\"><svg xmlns=\"http:\/\/www.w3.org\/2000\/svg\" version=\"1.0\" viewBox=\"0 0 502 315\" preserveAspectRatio=\"xMidYMid meet\"><g transform=\"translate(0,332) scale(0.1,-0.1)\" fill=\"\" stroke=\"none\"><path d=\"M2394 3279 l-29 -30 -3 -207 c-2 -182 0 -211 15 -242 39 -76 157 -76 196 0 15 31 17 60 15 243 l-3 209 -33 29 c-26 23 -41 29 -80 29 -41 0 -53 -5 -78 -31z\"\/><path d=\"M3085 3251 c-45 -19 -58 -50 -96 -229 -47 -217 -49 -260 -13 -295 52 -53 146 -42 177 20 16 31 87 366 87 410 0 70 -86 122 -155 94z\"\/><path d=\"M1751 3234 c-13 -9 -29 -31 -37 -50 -12 -29 -10 -49 21 -204 19 -94 39 -189 45 -210 14 -50 54 -80 110 -80 34 0 48 6 76 34 21 21 34 44 34 59 0 14 -18 113 -40 219 -37 178 -43 195 -70 221 -36 32 -101 37 -139 11z\"\/><path d=\"M1163 3073 c-36 -7 -73 -59 -73 -102 0 -56 133 -378 171 -413 34 -32 83 -37 129 -13 70 36 67 87 -16 290 -86 209 -89 214 -129 231 -35 14 -42 15 -82 7z\"\/><path d=\"M3689 3066 c-15 -9 -33 -30 -42 -48 -48 -103 -147 -355 -147 -375 0 -98 131 -148 192 -74 13 15 57 108 97 206 80 196 84 226 37 273 -30 30 -99 39 -137 18z\"\/><path d=\"M583 2784 c-38 -19 -67 -74 -58 -113 9 -42 211 -354 242 -373 16 -10 45 -18 66 -18 51 0 107 52 107 100 0 39 -1 41 -124 234 -80 126 -108 162 -133 173 -41 17 -61 16 -100 -3z\"\/><path d=\"M4250 2784 c-14 -9 -74 -91 -133 -183 -95 -150 -107 -173 -107 -213 0 -55 33 -94 87 -104 67 -13 90 8 211 198 130 202 137 225 78 284 -27 27 -42 34 -72 34 -22 0 -50 -8 -64 -16z\"\/><path d=\"M2275 2693 c-553 -48 -1095 -270 -1585 -649 -135 -104 -459 -423 -483 -476 -23 -49 -22 -139 2 -186 73 -142 361 -457 571 -626 285 -228 642 -407 990 -497 242 -63 336 -73 660 -74 310 0 370 5 595 52 535 111 1045 392 1455 803 122 121 250 273 275 326 19 41 19 137 0 174 -41 79 -309 363 -465 492 -447 370 -946 591 -1479 653 -113 14 -422 18 -536 8z m395 -428 c171 -34 330 -124 456 -258 112 -119 167 -219 211 -378 27 -96 24 -300 -5 -401 -72 -255 -236 -447 -474 -557 -132 -62 -201 -76 -368 -76 -167 0 -236 14 -368 76 -213 98 -373 271 -451 485 -162 444 86 934 547 1084 153 49 292 57 452 25z m909 -232 c222 -123 408 -262 593 -441 76 -74 138 -139 138 -144 0 -16 -233 -242 -330 -319 -155 -123 -309 -223 -461 -299 l-81 -41 32 46 c18 26 49 83 70 128 143 306 141 649 -6 957 -25 52 -61 116 -79 142 l-34 47 45 -20 c26 -10 76 -36 113 -56z m-2057 25 c-40 -58 -105 -190 -130 -263 -110 -324 -59 -707 132 -981 25 -35 42 -64 37 -64 -19 0 -241 119 -326 174 -188 122 -406 314 -532 468 l-58 71 108 103 c185 178 428 349 672 473 66 33 121 60 123 61 2 0 -10 -19 -26 -42z\"\/><path d=\"M2375 1950 c-198 -44 -350 -190 -395 -379 -18 -76 -8 -221 19 -290 114 -284 457 -406 731 -260 98 52 188 154 231 260 27 69 37 214 19 290 -38 163 -166 304 -326 360 -67 23 -215 33 -279 19z\"\/><\/g><\/svg><\/i> <img loading=\"lazy\" decoding=\"async\" width=\"16\" height=\"16\" alt=\"Loading\" src=\"https:\/\/locupali.com\/WordPress\/wp-content\/plugins\/page-views-count\/ajax-loader-2x.gif\" border=0 \/><\/p><div class=\"pvc_clear\"><\/div>","protected":false},"excerpt":{"rendered":"<p>Vous \u00eates sur la page du site de l\u2019association&nbsp;Locupali&nbsp;(pour&nbsp;LOisirs&nbsp;CUlture&nbsp;PAys de&nbsp;LImours) dans laquelle vous pouvez trouver les derni\u00e8res nouvelles de son fonctionnement. Conform\u00e9ment au slogan,&nbsp;la curiosit\u00e9 n\u2019est plus un d\u00e9faut, cliquez sur les diff\u00e9rents onglets en haut \u00e0 droite pour vous informer sur la vie de l&#8217;association, les programmes des sorties culturelles et des sorties spectacles.&hellip; <br \/> <a class=\"read-more\" href=\"https:\/\/locupali.com\/WordPress\/index.php\/les-nouvelles\/\">Lire la suite<\/a><\/p>\n","protected":false},"author":1,"featured_media":0,"parent":0,"menu_order":0,"comment_status":"closed","ping_status":"closed","template":"","meta":{"footnotes":""},"class_list":["post-379","page","type-page","status-publish","hentry"],"_links":{"self":[{"href":"https:\/\/locupali.com\/WordPress\/index.php\/wp-json\/wp\/v2\/pages\/379","targetHints":{"allow":["GET"]}}],"collection":[{"href":"https:\/\/locupali.com\/WordPress\/index.php\/wp-json\/wp\/v2\/pages"}],"about":[{"href":"https:\/\/locupali.com\/WordPress\/index.php\/wp-json\/wp\/v2\/types\/page"}],"author":[{"embeddable":true,"href":"https:\/\/locupali.com\/WordPress\/index.php\/wp-json\/wp\/v2\/users\/1"}],"replies":[{"embeddable":true,"href":"https:\/\/locupali.com\/WordPress\/index.php\/wp-json\/wp\/v2\/comments?post=379"}],"version-history":[{"count":307,"href":"https:\/\/locupali.com\/WordPress\/index.php\/wp-json\/wp\/v2\/pages\/379\/revisions"}],"predecessor-version":[{"id":3451,"href":"https:\/\/locupali.com\/WordPress\/index.php\/wp-json\/wp\/v2\/pages\/379\/revisions\/3451"}],"wp:attachment":[{"href":"https:\/\/locupali.com\/WordPress\/index.php\/wp-json\/wp\/v2\/media?parent=379"}],"curies":[{"name":"wp","href":"https:\/\/api.w.org\/{rel}","templated":true}]}}