{"id":3422,"date":"2026-03-09T23:15:01","date_gmt":"2026-03-09T22:15:01","guid":{"rendered":"https:\/\/locupali.com\/WordPress\/?page_id=3422"},"modified":"2026-03-11T12:22:44","modified_gmt":"2026-03-11T11:22:44","slug":"site-en-maintenance","status":"publish","type":"page","link":"https:\/\/locupali.com\/WordPress\/index.php\/site-en-maintenance\/","title":{"rendered":"Maintenance"},"content":{"rendered":"<div class=\"wp-block-image\">\n<figure class=\"aligncenter size-full is-resized\"><img loading=\"lazy\" decoding=\"async\" width=\"612\" height=\"245\" src=\"https:\/\/locupali.com\/WordPress\/wp-content\/uploads\/2026\/03\/istockphoto-1344281252-612x612-1.jpg\" alt=\"\" class=\"wp-image-3423\" style=\"aspect-ratio:2.4980251847033133;width:840px;height:auto\" srcset=\"https:\/\/locupali.com\/WordPress\/wp-content\/uploads\/2026\/03\/istockphoto-1344281252-612x612-1.jpg 612w, https:\/\/locupali.com\/WordPress\/wp-content\/uploads\/2026\/03\/istockphoto-1344281252-612x612-1-300x120.jpg 300w\" sizes=\"auto, (max-width: 612px) 100vw, 612px\" \/><\/figure>\n<\/div>\n\n\n<h2 class=\"wp-block-heading has-text-align-center has-vivid-red-color has-white-background-color has-text-color has-background has-link-color wp-elements-6bf1f9d53529b772d01a4c1a662e3c0d\"><strong>Le site de LOCUPALI est indisponible <\/strong><br><strong>pour une dur\u00e9e ind\u00e9termin\u00e9e<\/strong><\/h2>\n\n\n\n<p><\/p>\n","protected":false},"excerpt":{"rendered":"<p>Le site de LOCUPALI est indisponible pour une dur\u00e9e ind\u00e9termin\u00e9e<\/p>\n","protected":false},"author":1,"featured_media":0,"parent":0,"menu_order":0,"comment_status":"closed","ping_status":"closed","template":"","meta":{"footnotes":""},"class_list":["post-3422","page","type-page","status-publish","hentry"],"_links":{"self":[{"href":"https:\/\/locupali.com\/WordPress\/index.php\/wp-json\/wp\/v2\/pages\/3422","targetHints":{"allow":["GET"]}}],"collection":[{"href":"https:\/\/locupali.com\/WordPress\/index.php\/wp-json\/wp\/v2\/pages"}],"about":[{"href":"https:\/\/locupali.com\/WordPress\/index.php\/wp-json\/wp\/v2\/types\/page"}],"author":[{"embeddable":true,"href":"https:\/\/locupali.com\/WordPress\/index.php\/wp-json\/wp\/v2\/users\/1"}],"replies":[{"embeddable":true,"href":"https:\/\/locupali.com\/WordPress\/index.php\/wp-json\/wp\/v2\/comments?post=3422"}],"version-history":[{"count":5,"href":"https:\/\/locupali.com\/WordPress\/index.php\/wp-json\/wp\/v2\/pages\/3422\/revisions"}],"predecessor-version":[{"id":3433,"href":"https:\/\/locupali.com\/WordPress\/index.php\/wp-json\/wp\/v2\/pages\/3422\/revisions\/3433"}],"wp:attachment":[{"href":"https:\/\/locupali.com\/WordPress\/index.php\/wp-json\/wp\/v2\/media?parent=3422"}],"curies":[{"name":"wp","href":"https:\/\/api.w.org\/{rel}","templated":true}]}}