{"id":3095,"date":"2025-03-06T15:22:49","date_gmt":"2025-03-06T14:22:49","guid":{"rendered":"https:\/\/locupali.com\/WordPress\/?page_id=3095"},"modified":"2026-02-21T12:17:10","modified_gmt":"2026-02-21T11:17:10","slug":"page-de-pub","status":"publish","type":"page","link":"https:\/\/locupali.com\/WordPress\/index.php\/page-de-pub\/","title":{"rendered":"Page de Pub&#8230;"},"content":{"rendered":"\n<p class=\"has-black-color has-text-color has-background has-link-color has-medium-font-size wp-elements-3f0c516ac7ca1bc8dcf552c3b87d3bfe\" style=\"background:radial-gradient(rgb(255,206,236) 73%,rgb(152,150,240) 100%);font-style:normal;font-weight:500\">Cette page est r\u00e9serv\u00e9e aux adh\u00e9rents qui, participant \u00e0 des activit\u00e9s culturelles en dehors de LOCUPALI, souhaite faire connaitre un \u00e9v\u00e8nement susceptible d&#8217;int\u00e9resser notre association.<br>Nous afficherons ici le document tel qu&#8217;une annonce, affichette ou similaire qui sera retenu par le CA Locupali suite \u00e0 la demande de l&#8217;adh\u00e9rent.<br>Le document \u00e0 nous remettre sera au format A4 recto seul avec \u00e9ventuellement un court texte de pr\u00e9sentation.<br>Il sera affich\u00e9 sur cette page jusqu&#8217;\u00e0 la date de l&#8217;\u00e9v\u00e8nement et au maximum un mois.<\/p>\n\n\n\n<div style=\"height:58px\" aria-hidden=\"true\" class=\"wp-block-spacer\"><\/div>\n\n\n\n<h2 class=\"wp-block-heading has-text-align-center\"><strong>Concert EMH \u00e0 Limours le 11 Avril et \u00e0 Janvry le 12 Avril.<\/strong><\/h2>\n\n\n<div class=\"wp-block-image\">\n<figure class=\"aligncenter size-large\"><img loading=\"lazy\" decoding=\"async\" width=\"724\" height=\"1024\" src=\"https:\/\/locupali.com\/WordPress\/wp-content\/uploads\/2026\/02\/affiche_limours_2_bis-724x1024.jpg\" alt=\"\" class=\"wp-image-3405\" srcset=\"https:\/\/locupali.com\/WordPress\/wp-content\/uploads\/2026\/02\/affiche_limours_2_bis-724x1024.jpg 724w, https:\/\/locupali.com\/WordPress\/wp-content\/uploads\/2026\/02\/affiche_limours_2_bis-212x300.jpg 212w, https:\/\/locupali.com\/WordPress\/wp-content\/uploads\/2026\/02\/affiche_limours_2_bis-768x1086.jpg 768w, https:\/\/locupali.com\/WordPress\/wp-content\/uploads\/2026\/02\/affiche_limours_2_bis-1087x1536.jpg 1087w, https:\/\/locupali.com\/WordPress\/wp-content\/uploads\/2026\/02\/affiche_limours_2_bis-1449x2048.jpg 1449w, https:\/\/locupali.com\/WordPress\/wp-content\/uploads\/2026\/02\/affiche_limours_2_bis-1024x1447.jpg 1024w, https:\/\/locupali.com\/WordPress\/wp-content\/uploads\/2026\/02\/affiche_limours_2_bis-764x1080.jpg 764w, https:\/\/locupali.com\/WordPress\/wp-content\/uploads\/2026\/02\/affiche_limours_2_bis.jpg 1625w\" sizes=\"auto, (max-width: 724px) 100vw, 724px\" \/><\/figure>\n<\/div>\n\n\n<p><\/p>\n\n\n\n<p class=\"has-black-color has-text-color has-link-color wp-elements-9591f56ef5547d01051bd53ca5e9280b\">Cette ann\u00e9e, l\u2019Ensemble Musical du Hurepoix sous la direction de Patrice Mourgue vous propose un concert des musiques de film compos\u00e9es par deux grands sp\u00e9cialistes du genre, Hans Zimmer et John Williams. De belles compositions orchestrales qui soutiennent l\u2019action (Star Wars, Harry Potter, Indiana Jones\u2026) ou cr\u00e9ent des atmosph\u00e8res vari\u00e9es (M\u00e9moires d\u2019une Geisha, Prince d\u2019\u00c9gypte, La Liste de Schindler\u2026).<\/p>\n\n\n\n<p class=\"has-black-color has-text-color has-link-color wp-elements-8406f4c7c931cc08cd14d3d43c4d332a\">Les places sont d\u00e8s \u00e0 pr\u00e9sent disponibles sur le site&nbsp;<a href=\"https:\/\/www.google.com\/url?esrc=s&amp;q=&amp;rct=j&amp;sa=U&amp;url=https:\/\/emh-band.fr\/&amp;ved=2ahUKEwjz0bSx9uWSAxV-MfsDHUc2J3oQFnoECAYQAg&amp;usg=AOvVaw15Qsg1xklfEzxyFcb2tBfw\"><strong><mark style=\"background-color:rgba(0, 0, 0, 0)\" class=\"has-inline-color has-vivid-purple-color\">emh-band.fr<\/mark><\/strong><\/a>.&nbsp;Vous recevrez vos places par courrier \u00e9lectronique apr\u00e8s paiement par carte bancaire. Ils sont imprimables, mais la pr\u00e9sentation du QR code suffit. Des places seront \u00e9galement disponibles \u00e0 \u00ab&nbsp;La Maison de la Presse&nbsp;\u00bb de Limours.<\/p>\n\n\n\n<p class=\"has-black-color has-text-color has-link-color wp-elements-090dc0e71a61512fafa504a82590f1a0\"><strong>Nos concerts ont en g\u00e9n\u00e9ral lieu \u00e0 guichet ferm\u00e9. N\u2019attendez donc pas le dernier moment&nbsp;!<\/strong><\/p>\n\n\n\n<hr class=\"wp-block-separator has-alpha-channel-opacity\"\/>\n\n\n\n<div style=\"height:86px\" aria-hidden=\"true\" class=\"wp-block-spacer\"><\/div>\n\n\n\n<hr class=\"wp-block-separator has-alpha-channel-opacity\"\/>\n\n\n\n<p class=\"has-black-color has-text-color has-link-color wp-elements-9ac00cf961d1ea846fe5a532228b76c6\"><\/p>\n\n\n\n<div style=\"height:86px\" aria-hidden=\"true\" class=\"wp-block-spacer\"><\/div>\n\n\n\n<hr class=\"wp-block-separator has-alpha-channel-opacity\"\/>\n<div class=\"pvc_clear\"><\/div><p id=\"pvc_stats_3095\" class=\"pvc_stats total_only  \" data-element-id=\"3095\" style=\"\"><i class=\"pvc-stats-icon medium\" aria-hidden=\"true\"><svg xmlns=\"http:\/\/www.w3.org\/2000\/svg\" version=\"1.0\" viewBox=\"0 0 502 315\" preserveAspectRatio=\"xMidYMid meet\"><g transform=\"translate(0,332) scale(0.1,-0.1)\" fill=\"\" stroke=\"none\"><path d=\"M2394 3279 l-29 -30 -3 -207 c-2 -182 0 -211 15 -242 39 -76 157 -76 196 0 15 31 17 60 15 243 l-3 209 -33 29 c-26 23 -41 29 -80 29 -41 0 -53 -5 -78 -31z\"\/><path d=\"M3085 3251 c-45 -19 -58 -50 -96 -229 -47 -217 -49 -260 -13 -295 52 -53 146 -42 177 20 16 31 87 366 87 410 0 70 -86 122 -155 94z\"\/><path d=\"M1751 3234 c-13 -9 -29 -31 -37 -50 -12 -29 -10 -49 21 -204 19 -94 39 -189 45 -210 14 -50 54 -80 110 -80 34 0 48 6 76 34 21 21 34 44 34 59 0 14 -18 113 -40 219 -37 178 -43 195 -70 221 -36 32 -101 37 -139 11z\"\/><path d=\"M1163 3073 c-36 -7 -73 -59 -73 -102 0 -56 133 -378 171 -413 34 -32 83 -37 129 -13 70 36 67 87 -16 290 -86 209 -89 214 -129 231 -35 14 -42 15 -82 7z\"\/><path d=\"M3689 3066 c-15 -9 -33 -30 -42 -48 -48 -103 -147 -355 -147 -375 0 -98 131 -148 192 -74 13 15 57 108 97 206 80 196 84 226 37 273 -30 30 -99 39 -137 18z\"\/><path d=\"M583 2784 c-38 -19 -67 -74 -58 -113 9 -42 211 -354 242 -373 16 -10 45 -18 66 -18 51 0 107 52 107 100 0 39 -1 41 -124 234 -80 126 -108 162 -133 173 -41 17 -61 16 -100 -3z\"\/><path d=\"M4250 2784 c-14 -9 -74 -91 -133 -183 -95 -150 -107 -173 -107 -213 0 -55 33 -94 87 -104 67 -13 90 8 211 198 130 202 137 225 78 284 -27 27 -42 34 -72 34 -22 0 -50 -8 -64 -16z\"\/><path d=\"M2275 2693 c-553 -48 -1095 -270 -1585 -649 -135 -104 -459 -423 -483 -476 -23 -49 -22 -139 2 -186 73 -142 361 -457 571 -626 285 -228 642 -407 990 -497 242 -63 336 -73 660 -74 310 0 370 5 595 52 535 111 1045 392 1455 803 122 121 250 273 275 326 19 41 19 137 0 174 -41 79 -309 363 -465 492 -447 370 -946 591 -1479 653 -113 14 -422 18 -536 8z m395 -428 c171 -34 330 -124 456 -258 112 -119 167 -219 211 -378 27 -96 24 -300 -5 -401 -72 -255 -236 -447 -474 -557 -132 -62 -201 -76 -368 -76 -167 0 -236 14 -368 76 -213 98 -373 271 -451 485 -162 444 86 934 547 1084 153 49 292 57 452 25z m909 -232 c222 -123 408 -262 593 -441 76 -74 138 -139 138 -144 0 -16 -233 -242 -330 -319 -155 -123 -309 -223 -461 -299 l-81 -41 32 46 c18 26 49 83 70 128 143 306 141 649 -6 957 -25 52 -61 116 -79 142 l-34 47 45 -20 c26 -10 76 -36 113 -56z m-2057 25 c-40 -58 -105 -190 -130 -263 -110 -324 -59 -707 132 -981 25 -35 42 -64 37 -64 -19 0 -241 119 -326 174 -188 122 -406 314 -532 468 l-58 71 108 103 c185 178 428 349 672 473 66 33 121 60 123 61 2 0 -10 -19 -26 -42z\"\/><path d=\"M2375 1950 c-198 -44 -350 -190 -395 -379 -18 -76 -8 -221 19 -290 114 -284 457 -406 731 -260 98 52 188 154 231 260 27 69 37 214 19 290 -38 163 -166 304 -326 360 -67 23 -215 33 -279 19z\"\/><\/g><\/svg><\/i> <img loading=\"lazy\" decoding=\"async\" width=\"16\" height=\"16\" alt=\"Loading\" src=\"https:\/\/locupali.com\/WordPress\/wp-content\/plugins\/page-views-count\/ajax-loader-2x.gif\" border=0 \/><\/p><div class=\"pvc_clear\"><\/div>","protected":false},"excerpt":{"rendered":"<p>Cette page est r\u00e9serv\u00e9e aux adh\u00e9rents qui, participant \u00e0 des activit\u00e9s culturelles en dehors de LOCUPALI, souhaite faire connaitre un \u00e9v\u00e8nement susceptible d&#8217;int\u00e9resser notre association.Nous afficherons ici le document tel qu&#8217;une annonce, affichette ou similaire qui sera retenu par le CA Locupali suite \u00e0 la demande de l&#8217;adh\u00e9rent.Le document \u00e0 nous remettre sera au format&hellip; <br \/> <a class=\"read-more\" href=\"https:\/\/locupali.com\/WordPress\/index.php\/page-de-pub\/\">Lire la suite<\/a><\/p>\n","protected":false},"author":1,"featured_media":0,"parent":0,"menu_order":0,"comment_status":"closed","ping_status":"closed","template":"","meta":{"footnotes":""},"class_list":["post-3095","page","type-page","status-publish","hentry"],"_links":{"self":[{"href":"https:\/\/locupali.com\/WordPress\/index.php\/wp-json\/wp\/v2\/pages\/3095","targetHints":{"allow":["GET"]}}],"collection":[{"href":"https:\/\/locupali.com\/WordPress\/index.php\/wp-json\/wp\/v2\/pages"}],"about":[{"href":"https:\/\/locupali.com\/WordPress\/index.php\/wp-json\/wp\/v2\/types\/page"}],"author":[{"embeddable":true,"href":"https:\/\/locupali.com\/WordPress\/index.php\/wp-json\/wp\/v2\/users\/1"}],"replies":[{"embeddable":true,"href":"https:\/\/locupali.com\/WordPress\/index.php\/wp-json\/wp\/v2\/comments?post=3095"}],"version-history":[{"count":45,"href":"https:\/\/locupali.com\/WordPress\/index.php\/wp-json\/wp\/v2\/pages\/3095\/revisions"}],"predecessor-version":[{"id":3412,"href":"https:\/\/locupali.com\/WordPress\/index.php\/wp-json\/wp\/v2\/pages\/3095\/revisions\/3412"}],"wp:attachment":[{"href":"https:\/\/locupali.com\/WordPress\/index.php\/wp-json\/wp\/v2\/media?parent=3095"}],"curies":[{"name":"wp","href":"https:\/\/api.w.org\/{rel}","templated":true}]}}