{"id":2,"date":"2021-03-11T15:44:27","date_gmt":"2021-03-11T14:44:27","guid":{"rendered":"http:\/\/locupali.com\/WordPress\/?page_id=2"},"modified":"2025-09-14T11:56:45","modified_gmt":"2025-09-14T09:56:45","slug":"sorties-culturelles","status":"publish","type":"page","link":"https:\/\/locupali.com\/WordPress\/index.php\/sorties-culturelles\/","title":{"rendered":"Sorties culturelles"},"content":{"rendered":"\n<p class=\"has-text-align-center has-vivid-purple-color has-text-color has-link-color has-large-font-size wp-elements-6439f813156b284e0d3a1e46b205980e\"><strong>Programme des Sorties Culturelles et des Escapades et Voyages<\/strong> <\/p>\n\n\n\n<p class=\"has-text-align-center has-vivid-purple-color has-text-color has-link-color has-large-font-size wp-elements-6aefd40027db195d6e1b9bd9d9b7bb53\"><strong>de la Saison 2025 &#8211; 2026<\/strong><br><\/p>\n\n\n<div class=\"wp-block-image\">\n<figure class=\"aligncenter size-large is-resized\"><img loading=\"lazy\" decoding=\"async\" width=\"1024\" height=\"682\" src=\"http:\/\/locupali.com\/WordPress\/wp-content\/uploads\/2021\/03\/coach-3206326_1280-1024x682.png\" alt=\"\" class=\"wp-image-24\" style=\"width:512px;height:341px\" srcset=\"https:\/\/locupali.com\/WordPress\/wp-content\/uploads\/2021\/03\/coach-3206326_1280-1024x682.png 1024w, https:\/\/locupali.com\/WordPress\/wp-content\/uploads\/2021\/03\/coach-3206326_1280-300x200.png 300w, https:\/\/locupali.com\/WordPress\/wp-content\/uploads\/2021\/03\/coach-3206326_1280-768x512.png 768w, https:\/\/locupali.com\/WordPress\/wp-content\/uploads\/2021\/03\/coach-3206326_1280.png 1280w\" sizes=\"auto, (max-width: 1024px) 100vw, 1024px\" \/><\/figure>\n<\/div>\n\n\n<p class=\"has-text-align-center has-black-color has-text-color has-link-color has-medium-font-size wp-elements-299cd1262a58423dbca9c9d32543a888\"><strong><u>PREAMBULE<\/u><\/strong><\/p>\n\n\n\n<p class=\"has-black-color has-text-color has-link-color wp-elements-d65381803ddaf447c6c6e99be8fc7249\">Le programme est tenu \u00e0 jour r\u00e9guli\u00e8rement en fonction de nouvelles opportunit\u00e9s. Vous y trouverez \u00e9galement les projets de sortie en cours d\u2019\u00e9laboration.&nbsp;<br>De plus, la page &#8220;Aide-m\u00e9moire&#8221; permet de retrouver tous les participants \u00e0 chaque sortie, escapade, voyage et spectacle ainsi qu\u2019un agenda g\u00e9n\u00e9ral de synth\u00e8se reprenant toutes nos propositions.&nbsp;<\/p>\n\n\n\n<p class=\"has-text-align-center has-black-color has-text-color has-link-color has-medium-font-size wp-elements-6574174d1169a21a7cf6df2ec2d8dbf3\"><strong><u>INSCRIPTIONS<\/u><\/strong>.<\/p>\n\n\n\n<p class=\"has-black-color has-text-color has-link-color wp-elements-f5ec728a20eaace2a3e339eb6320909a\"><strong>L\u2019inscription ne doit pas \u00eatre qu\u2019une \u00ab&nbsp;envie&nbsp;\u00bb, mais elle doit \u00eatre aussi un engagement \u00e0 participer sauf cas de force majeure.<\/strong><br>Les inscriptions sont prises soit au Forum des Associations de Limours (TriAsso), soit sur la page  &#8220;Inscriptions aux sorties&#8221;, selon la proc\u00e9dure inscription d\u00e9crite ci-dessous, ou encore par&nbsp;courriel dans l\u2019ordre&nbsp;des arriv\u00e9es.&nbsp;<br><strong>L\u2019inscription \u00e0 une sortie ne sera effective qu\u2019avec votre r\u00e8glement, et alors seulement, vous apparaitrez dans la liste des participants \u00e0 cette sortie (page Aide-m\u00e9moire)<\/strong><br>En cas d\u2019annulation, les&nbsp;remboursements&nbsp;\u00e9ventuels sont&nbsp;r\u00e9gis par le&nbsp;r\u00e8glement&nbsp;int\u00e9rieur&nbsp;(voir&nbsp;sur&nbsp;le&nbsp;site,&nbsp;\u00e0&nbsp;la&nbsp;page \u00ab l\u2019association \u00bb).&nbsp;<br>Les sorties journali\u00e8res dont le nombre de participants serait inf\u00e9rieur \u00e0 30 seront&nbsp;annul\u00e9es&nbsp;car sous ce seuil, le&nbsp;co\u00fbt du transport&nbsp;en car devient trop lourd sur le prix de la&nbsp;sortie.<br>Dans le cas des escapades et du voyage, les prix pourraient \u00eatre ajust\u00e9s en fonction du nombre de participants, le seuil \u00e9tant d\u00e9fini dans le programme correspondant.<br>&nbsp;\u2192&nbsp;&nbsp;Vous pouvez vous inscrire en ligne sur le site gr\u00e2ce \u00e0 un formulaire dans lequel il vous suffira de cocher la case correspondant \u00e0 votre choix, renseigner les diff\u00e9rentes rubriques et enregistrer l&#8217;ensemble. C&#8217;est tout.<br>L&#8217;organisateur sera imm\u00e9diatement inform\u00e9 de votre inscription et vous pourrez r\u00e9gler selon le mode de paiement que vous aurez indiqu\u00e9, virement ou ch\u00e8que.<br>Notez qu\u2019il faut remplir un formulaire d\u2019inscription pour chaque sortie, mais n\u00e9anmoins, ce formulaire&nbsp;pr\u00e9voit&nbsp;la possibilit\u00e9 d\u2019inscrire plusieurs participants \u00e0 une m\u00eame sortie.<\/p>\n\n\n\n<p class=\"has-text-align-center has-vivid-purple-color has-text-color has-link-color wp-elements-e7f70a6ca97253d19618d822d36dc17c\"><u>Merci de privil\u00e9gier cette proc\u00e9dure et bien vouloir&nbsp;<strong><em>\u00e9viter les appels t\u00e9l\u00e9phoniques <\/em><\/strong><\/u>.<\/p>\n\n\n\n<p class=\"has-black-color has-text-color has-link-color wp-elements-546e7646275f73b330c2e6bb057c3c01\">&nbsp;\u2192 Pour faciliter les paiements des escapades et des voyages, vous avez la possibilit\u00e9 de&nbsp;<strong>r\u00e9gler le prix en <\/strong><strong>plusieurs mensualit\u00e9s<\/strong>. Le nombre de mensualit\u00e9s est pr\u00e9cis\u00e9 dans le programme de l&#8217;escapade et du voyage et les dates de paiement sont d\u00e9finies dans le programme.<\/p>\n\n\n\n<p class=\"has-text-align-center has-black-color has-text-color has-link-color has-medium-font-size wp-elements-ba5e33a39e9cd9462bc35cb261bc14f8\"><strong><u>QUELQUES RAPPELS IMPORTANTS DE FONCTIONNEMENT<\/u><\/strong><\/p>\n\n\n\n<p class=\"has-black-color has-text-color has-link-color wp-elements-24cca555c9e67d770e2d7cd9ee581fa5\">N\u2019oubliez pas d\u2019indiquer au dos de vos ch\u00e8ques le ou les noms des personnes concern\u00e9es et le nom de la sortie.&nbsp;<br>Quand vous d\u00e9posez ou envoyez un ch\u00e8que \u00e0 Locupali &#8211; Mairie de Limours, n\u2019oubliez pas de pr\u00e9ciser sur l\u2019enveloppe, la mention Locupali et le nom du destinataire (organisateur de la sortie\u2026).<br>Enfin, les ch\u00e8ques de r\u00e8glement des sorties sont d\u00e9pos\u00e9s \u00e0 la banque d\u00e8s lors que nous devons r\u00e9gler les prestataires.&nbsp;<\/p>\n\n\n\n<p class=\"has-black-color has-text-color has-link-color wp-elements-f380edcf7a29cb238e6f46cffda0b2bb\">Lors d&#8217;un virement bancaire, pr\u00e9cisez \u00e9galement l&#8217;objet et les noms des personnes concern\u00e9es<\/p>\n\n\n\n<p class=\"has-vivid-purple-color has-text-color has-link-color wp-elements-117027069bc8a485ec092e3f25eda325\"><strong>Dans ce programme, vous pourrez trouver des sorties en cours d\u2019\u00e9laboration pour que vous puissiez, si elles vous int\u00e9ressent, r\u00e9server les dates dans vos agendas.<\/strong><\/p>\n\n\n\n<p class=\"has-vivid-purple-color has-text-color has-link-color wp-elements-1d32e011da345a63051a637d28cfed37\"><strong>Les spectacles et sorties parisiennes font l&#8217;objet d&#8217;un programme s\u00e9par\u00e9 qui sera tenu \u00e0 jour r\u00e9guli\u00e8rement au fur et \u00e0 mesure de la publication par les salles de spectacles&nbsp;de leurs programmes et de nouvelles opportunit\u00e9s<\/strong><strong>&nbsp;<\/strong><\/p>\n\n\n\n<p class=\"has-black-color has-text-color has-link-color wp-elements-7b77efa5dbcefcec9da695580b0f5fc0\">La pr\u00e9sidente<\/p>\n\n\n\n<div style=\"height:47px\" aria-hidden=\"true\" class=\"wp-block-spacer\"><\/div>\n\n\n\n<div class=\"real3dflipbook\" id=\"12_69f39caf3a61d\" style=\"position:absolute;\"><\/div>\n\n\n\n<div style=\"height:53px\" aria-hidden=\"true\" class=\"wp-block-spacer\"><\/div>\n\n\n\n<p class=\"has-black-color has-text-color has-link-color wp-elements-5bc564cf58f738f693933631b8f3e8dd\"><strong>L\u00e9gende<\/strong><\/p>\n\n\n\n<figure class=\"wp-block-image size-large is-resized\"><img loading=\"lazy\" decoding=\"async\" width=\"1024\" height=\"516\" src=\"https:\/\/locupali.com\/WordPress\/wp-content\/uploads\/2024\/07\/Legende-1024x516.jpg\" alt=\"\" class=\"wp-image-2735\" style=\"width:621px;height:auto\" srcset=\"https:\/\/locupali.com\/WordPress\/wp-content\/uploads\/2024\/07\/Legende-1024x516.jpg 1024w, https:\/\/locupali.com\/WordPress\/wp-content\/uploads\/2024\/07\/Legende-300x151.jpg 300w, https:\/\/locupali.com\/WordPress\/wp-content\/uploads\/2024\/07\/Legende-768x387.jpg 768w, https:\/\/locupali.com\/WordPress\/wp-content\/uploads\/2024\/07\/Legende-1536x774.jpg 1536w, https:\/\/locupali.com\/WordPress\/wp-content\/uploads\/2024\/07\/Legende-500x252.jpg 500w, https:\/\/locupali.com\/WordPress\/wp-content\/uploads\/2024\/07\/Legende-800x403.jpg 800w, https:\/\/locupali.com\/WordPress\/wp-content\/uploads\/2024\/07\/Legende-1280x645.jpg 1280w, https:\/\/locupali.com\/WordPress\/wp-content\/uploads\/2024\/07\/Legende-1920x968.jpg 1920w, https:\/\/locupali.com\/WordPress\/wp-content\/uploads\/2024\/07\/Legende.jpg 1942w\" sizes=\"auto, (max-width: 1024px) 100vw, 1024px\" \/><\/figure>\n<div class=\"pvc_clear\"><\/div><p id=\"pvc_stats_2\" class=\"pvc_stats total_only  \" data-element-id=\"2\" style=\"\"><i class=\"pvc-stats-icon medium\" aria-hidden=\"true\"><svg xmlns=\"http:\/\/www.w3.org\/2000\/svg\" version=\"1.0\" viewBox=\"0 0 502 315\" preserveAspectRatio=\"xMidYMid meet\"><g transform=\"translate(0,332) scale(0.1,-0.1)\" fill=\"\" stroke=\"none\"><path d=\"M2394 3279 l-29 -30 -3 -207 c-2 -182 0 -211 15 -242 39 -76 157 -76 196 0 15 31 17 60 15 243 l-3 209 -33 29 c-26 23 -41 29 -80 29 -41 0 -53 -5 -78 -31z\"\/><path d=\"M3085 3251 c-45 -19 -58 -50 -96 -229 -47 -217 -49 -260 -13 -295 52 -53 146 -42 177 20 16 31 87 366 87 410 0 70 -86 122 -155 94z\"\/><path d=\"M1751 3234 c-13 -9 -29 -31 -37 -50 -12 -29 -10 -49 21 -204 19 -94 39 -189 45 -210 14 -50 54 -80 110 -80 34 0 48 6 76 34 21 21 34 44 34 59 0 14 -18 113 -40 219 -37 178 -43 195 -70 221 -36 32 -101 37 -139 11z\"\/><path d=\"M1163 3073 c-36 -7 -73 -59 -73 -102 0 -56 133 -378 171 -413 34 -32 83 -37 129 -13 70 36 67 87 -16 290 -86 209 -89 214 -129 231 -35 14 -42 15 -82 7z\"\/><path d=\"M3689 3066 c-15 -9 -33 -30 -42 -48 -48 -103 -147 -355 -147 -375 0 -98 131 -148 192 -74 13 15 57 108 97 206 80 196 84 226 37 273 -30 30 -99 39 -137 18z\"\/><path d=\"M583 2784 c-38 -19 -67 -74 -58 -113 9 -42 211 -354 242 -373 16 -10 45 -18 66 -18 51 0 107 52 107 100 0 39 -1 41 -124 234 -80 126 -108 162 -133 173 -41 17 -61 16 -100 -3z\"\/><path d=\"M4250 2784 c-14 -9 -74 -91 -133 -183 -95 -150 -107 -173 -107 -213 0 -55 33 -94 87 -104 67 -13 90 8 211 198 130 202 137 225 78 284 -27 27 -42 34 -72 34 -22 0 -50 -8 -64 -16z\"\/><path d=\"M2275 2693 c-553 -48 -1095 -270 -1585 -649 -135 -104 -459 -423 -483 -476 -23 -49 -22 -139 2 -186 73 -142 361 -457 571 -626 285 -228 642 -407 990 -497 242 -63 336 -73 660 -74 310 0 370 5 595 52 535 111 1045 392 1455 803 122 121 250 273 275 326 19 41 19 137 0 174 -41 79 -309 363 -465 492 -447 370 -946 591 -1479 653 -113 14 -422 18 -536 8z m395 -428 c171 -34 330 -124 456 -258 112 -119 167 -219 211 -378 27 -96 24 -300 -5 -401 -72 -255 -236 -447 -474 -557 -132 -62 -201 -76 -368 -76 -167 0 -236 14 -368 76 -213 98 -373 271 -451 485 -162 444 86 934 547 1084 153 49 292 57 452 25z m909 -232 c222 -123 408 -262 593 -441 76 -74 138 -139 138 -144 0 -16 -233 -242 -330 -319 -155 -123 -309 -223 -461 -299 l-81 -41 32 46 c18 26 49 83 70 128 143 306 141 649 -6 957 -25 52 -61 116 -79 142 l-34 47 45 -20 c26 -10 76 -36 113 -56z m-2057 25 c-40 -58 -105 -190 -130 -263 -110 -324 -59 -707 132 -981 25 -35 42 -64 37 -64 -19 0 -241 119 -326 174 -188 122 -406 314 -532 468 l-58 71 108 103 c185 178 428 349 672 473 66 33 121 60 123 61 2 0 -10 -19 -26 -42z\"\/><path d=\"M2375 1950 c-198 -44 -350 -190 -395 -379 -18 -76 -8 -221 19 -290 114 -284 457 -406 731 -260 98 52 188 154 231 260 27 69 37 214 19 290 -38 163 -166 304 -326 360 -67 23 -215 33 -279 19z\"\/><\/g><\/svg><\/i> <img loading=\"lazy\" decoding=\"async\" width=\"16\" height=\"16\" alt=\"Loading\" src=\"https:\/\/locupali.com\/WordPress\/wp-content\/plugins\/page-views-count\/ajax-loader-2x.gif\" border=0 \/><\/p><div class=\"pvc_clear\"><\/div>","protected":false},"excerpt":{"rendered":"<p>Programme des Sorties Culturelles et des Escapades et Voyages de la Saison 2025 &#8211; 2026 PREAMBULE Le programme est tenu \u00e0 jour r\u00e9guli\u00e8rement en fonction de nouvelles opportunit\u00e9s. Vous y trouverez \u00e9galement les projets de sortie en cours d\u2019\u00e9laboration.&nbsp;De plus, la page &#8220;Aide-m\u00e9moire&#8221; permet de retrouver tous les participants \u00e0 chaque sortie, escapade, voyage et&hellip; <br \/> <a class=\"read-more\" href=\"https:\/\/locupali.com\/WordPress\/index.php\/sorties-culturelles\/\">Lire la suite<\/a><\/p>\n","protected":false},"author":1,"featured_media":0,"parent":0,"menu_order":0,"comment_status":"closed","ping_status":"open","template":"","meta":{"footnotes":""},"class_list":["post-2","page","type-page","status-publish","hentry"],"a3_pvc":{"activated":true,"total_views":18221,"today_views":3},"_links":{"self":[{"href":"https:\/\/locupali.com\/WordPress\/index.php\/wp-json\/wp\/v2\/pages\/2","targetHints":{"allow":["GET"]}}],"collection":[{"href":"https:\/\/locupali.com\/WordPress\/index.php\/wp-json\/wp\/v2\/pages"}],"about":[{"href":"https:\/\/locupali.com\/WordPress\/index.php\/wp-json\/wp\/v2\/types\/page"}],"author":[{"embeddable":true,"href":"https:\/\/locupali.com\/WordPress\/index.php\/wp-json\/wp\/v2\/users\/1"}],"replies":[{"embeddable":true,"href":"https:\/\/locupali.com\/WordPress\/index.php\/wp-json\/wp\/v2\/comments?post=2"}],"version-history":[{"count":141,"href":"https:\/\/locupali.com\/WordPress\/index.php\/wp-json\/wp\/v2\/pages\/2\/revisions"}],"predecessor-version":[{"id":3301,"href":"https:\/\/locupali.com\/WordPress\/index.php\/wp-json\/wp\/v2\/pages\/2\/revisions\/3301"}],"wp:attachment":[{"href":"https:\/\/locupali.com\/WordPress\/index.php\/wp-json\/wp\/v2\/media?parent=2"}],"curies":[{"name":"wp","href":"https:\/\/api.w.org\/{rel}","templated":true}]}}