{"id":1598,"date":"2023-03-01T17:11:02","date_gmt":"2023-03-01T16:11:02","guid":{"rendered":"https:\/\/locupali.com\/WordPress\/?page_id=1598"},"modified":"2026-03-28T12:47:13","modified_gmt":"2026-03-28T11:47:13","slug":"aide-memoire","status":"publish","type":"page","link":"https:\/\/locupali.com\/WordPress\/index.php\/aide-memoire\/","title":{"rendered":"Aide-m\u00e9moire"},"content":{"rendered":"\n<p class=\"has-black-color has-text-color has-medium-font-size\">Comme son intitul\u00e9 l&#8217;indique, cette page vous propose de retrouver rapidement des informations qui vous concernent.<br>Vous pourrez :<\/p>\n\n\n\n<h4 class=\"wp-block-heading\">&#8211; <strong>V\u00e9rifier \u00e0 quelle(s) sortie(s) vous participez<\/strong><\/h4>\n\n\n\n<h4 class=\"wp-block-heading\">&#8211; <strong>Visualiser le planning synth\u00e9tique annuel des diff\u00e9rentes sorties<\/strong><\/h4>\n\n\n\n<h4 class=\"wp-block-heading\">&#8211; <strong>Voir la proc\u00e9dure d&#8217;inscription aux sorties<\/strong><\/h4>\n\n\n\n<h4 class=\"wp-block-heading\">&#8211; <strong>Lire la proc\u00e9dure de paiement par virement<\/strong><\/h4>\n\n\n\n<h4 class=\"wp-block-heading has-black-color has-text-color has-link-color wp-elements-158d4b7dbb50ba9a5083075710f39c7d\"><strong>&#8211; Consulter les archives de toutes les activit\u00e9s pass\u00e9es de l&#8217;association<\/strong><\/h4>\n\n\n\n<p><\/p>\n\n\n\n<div style=\"height:100px\" aria-hidden=\"true\" id=\"RappelSortie\" class=\"wp-block-spacer\"><\/div>\n\n\n\n<p class=\"has-large-font-size\"><strong>O\u00f9 suis-je ?<\/strong><\/p>\n\n\n\n<div class=\"wp-block-media-text alignwide is-stacked-on-mobile\" style=\"grid-template-columns:31% auto\"><figure class=\"wp-block-media-text__media\"><img loading=\"lazy\" decoding=\"async\" width=\"700\" height=\"700\" src=\"http:\/\/locupali.com\/WordPress\/wp-content\/uploads\/2022\/01\/point-d-interrogation-rouge-3d-interrogation-signe-personne-demander-icone-caractere-caractere-ponctuation-astuces-graphique-homme-gens-affaires-700-147094646-2.jpg\" alt=\"\" class=\"wp-image-680 size-full\" srcset=\"https:\/\/locupali.com\/WordPress\/wp-content\/uploads\/2022\/01\/point-d-interrogation-rouge-3d-interrogation-signe-personne-demander-icone-caractere-caractere-ponctuation-astuces-graphique-homme-gens-affaires-700-147094646-2.jpg 700w, https:\/\/locupali.com\/WordPress\/wp-content\/uploads\/2022\/01\/point-d-interrogation-rouge-3d-interrogation-signe-personne-demander-icone-caractere-caractere-ponctuation-astuces-graphique-homme-gens-affaires-700-147094646-2-300x300.jpg 300w, https:\/\/locupali.com\/WordPress\/wp-content\/uploads\/2022\/01\/point-d-interrogation-rouge-3d-interrogation-signe-personne-demander-icone-caractere-caractere-ponctuation-astuces-graphique-homme-gens-affaires-700-147094646-2-150x150.jpg 150w, https:\/\/locupali.com\/WordPress\/wp-content\/uploads\/2022\/01\/point-d-interrogation-rouge-3d-interrogation-signe-personne-demander-icone-caractere-caractere-ponctuation-astuces-graphique-homme-gens-affaires-700-147094646-2-500x500.jpg 500w\" sizes=\"auto, (max-width: 700px) 100vw, 700px\" \/><\/figure><div class=\"wp-block-media-text__content\">\n<p class=\"has-medium-font-size\">Vous avez un doute \u00e0 propos de votre inscription \u00e0 une sortie ? Vous voudriez vous organiser entre voisins participants \u00e0 la m\u00eame sortie que vous pour co-voiturer, etc. ? Pas de probl\u00e8me. <br>Cliquez <strong><a href=\"http:\/\/locupali.com\/ListeParticipants_WP.php\" target=\"_blank\" rel=\"noreferrer noopener\">ici<\/a><\/strong> et recherchez dans la liste le nom de votre sortie, s\u00e9lectionnez-la et vous aurez la r\u00e9ponse \u00e0 votre question.<\/p>\n\n\n\n<p style=\"font-size:21px\"><strong>ATTENTION<\/strong> : <strong>si vous ne voyez pas votre nom dans la liste, c&#8217;est probablement parce que vous n&#8217;avez pas r\u00e9gl\u00e9 le montant de la sortie. Vous ne serez inscrit(e) qu&#8217;\u00e0 cette condition.<\/strong><\/p>\n<\/div><\/div>\n\n\n\n<div style=\"height:100px\" aria-hidden=\"true\" id=\"ProgSynth\u00e9\" class=\"wp-block-spacer\"><\/div>\n\n\n\n<p><\/p>\n\n\n\n<p class=\"has-text-align-center has-vivid-purple-color has-text-color\" style=\"font-size:30px\">Planning synth\u00e9tique des sorties et spectacles<br><\/p>\n\n\n<a href=\"https:\/\/locupali.com\/WordPress\/wp-content\/uploads\/2026\/03\/Planning-synthetique-25-26-v5-5.pdf\" class=\"pdfemb-viewer\" style=\"\" data-width=\"max\" data-height=\"max\" data-toolbar=\"both\" data-toolbar-fixed=\"on\">Planning-synthetique-25-26-v5-5<\/a>\n\n\n<div style=\"height:69px\" aria-hidden=\"true\" class=\"wp-block-spacer\"><\/div>\n\n\n\n<div class=\"wp-block-buttons is-content-justification-center is-layout-flex wp-container-core-buttons-is-layout-5e6b19ed wp-block-buttons-is-layout-flex\">\n<div class=\"wp-block-button\"><a class=\"wp-block-button__link has-white-color has-vivid-purple-background-color has-text-color has-background has-link-color wp-element-button\" href=\"https:\/\/locupali.com\/WordPress\/wp-content\/uploads\/2026\/03\/Planning-synthetique-25-26-v5-5.pdf\" target=\"_blank\" rel=\"noreferrer noopener\">T\u00e9l\u00e9charger le planning synth\u00e9tique<\/a><\/div>\n<\/div>\n\n\n\n<div style=\"height:100px\" aria-hidden=\"true\" class=\"wp-block-spacer\"><\/div>\n\n\n\n<h2 class=\"wp-block-heading has-black-color has-text-color\" id=\"Inscription\">Proc\u00e9dure d&#8217;inscription aux sorties<\/h2>\n\n\n\n<p class=\"has-black-color has-text-color\"><strong>Si vous \u00eates int\u00e9ress\u00e9 par une sortie ou un spectacle, il vous suffit <\/strong>de cliquer sur l&#8217;onglet correspondant &#8220;<a href=\"https:\/\/locupali.com\/WordPress\/index.php\/inscriptions-aux-sorties\/\" target=\"_blank\" rel=\"noreferrer noopener\">Inscriptions aux sorties<\/a>&#8221; ou &#8220;<a href=\"https:\/\/locupali.com\/WordPress\/index.php\/inscriptions-aux-spectacles\/\">Inscriptions aux spectacles<\/a>&#8220;, de s\u00e9lectionner la sortie ou le spectacle de votre choix et de remplir les rubriques associ\u00e9es. C&#8217;est tout. L&#8217;organisateur sera imm\u00e9diatement inform\u00e9 de votre demande d&#8217;inscription<strong>.<\/strong><br><br><\/p>\n\n\n\n<p class=\"has-black-color has-text-color\" style=\"font-size:25px\"><br><strong>N&#8217;oubliez pas : votre inscription ne sera effective que lorsque le paiement sera effectu\u00e9.<\/strong><\/p>\n\n\n\n<div style=\"height:100px\" aria-hidden=\"true\" class=\"wp-block-spacer\"><\/div>\n\n\n\n<h2 class=\"wp-block-heading has-black-color has-text-color\" id=\"Virement\">Paiement par virement<\/h2>\n\n\n\n<p class=\"has-black-color has-text-color\">C\u2019est bien pratique et de nombreux adh\u00e9rents utilisent d\u00e9j\u00e0 cette possibilit\u00e9.<br>Toutefois, pour faciliter le travail des organisateurs et du tr\u00e9sorier, nous vous demandons de<br>RESPECTER LA PROC\u00c9DURE QUI SUIT :<\/p>\n\n\n\n<ul class=\"wp-block-list has-black-color has-text-color\">\n<li>quand vous faites un virement sur le site de votre banque,&nbsp;<strong>n\u2019oubliez pas d\u2019indiquer&nbsp;le(s) nom(s) du ou des participant(s), ainsi que le(s) nom(s) de la ou des sortie(s)<\/strong>.<\/li>\n\n\n\n<li>de respecter la proc\u00e9dure d&#8217;inscription aux sorties ce qui nous permet de conna\u00eetre imm\u00e9diatement votre moyen de paiement<\/li>\n<\/ul>\n\n\n\n<p><\/p>\n\n\n\n<div style=\"height:74px\" aria-hidden=\"true\" class=\"wp-block-spacer\"><\/div>\n\n\n\n<h2 class=\"wp-block-heading\">Archives<\/h2>\n\n\n\n<p class=\"has-black-color has-text-color has-link-color wp-elements-8f4cef4306fb97d5ea579c7b69209e8b\">Cliquer sur ce <a href=\"http:\/\/locupali.com\/Archives_WP.php\" target=\"_blank\" rel=\"noreferrer noopener\"><strong>lien<\/strong><\/a> pour acc\u00e9der aux archives de toutes les activit\u00e9s pass\u00e9es de Locupali<\/p>\n\n\n\n<p><\/p>\n<div class=\"pvc_clear\"><\/div><p id=\"pvc_stats_1598\" class=\"pvc_stats total_only  \" data-element-id=\"1598\" style=\"\"><i class=\"pvc-stats-icon medium\" aria-hidden=\"true\"><svg xmlns=\"http:\/\/www.w3.org\/2000\/svg\" version=\"1.0\" viewBox=\"0 0 502 315\" preserveAspectRatio=\"xMidYMid meet\"><g transform=\"translate(0,332) scale(0.1,-0.1)\" fill=\"\" stroke=\"none\"><path d=\"M2394 3279 l-29 -30 -3 -207 c-2 -182 0 -211 15 -242 39 -76 157 -76 196 0 15 31 17 60 15 243 l-3 209 -33 29 c-26 23 -41 29 -80 29 -41 0 -53 -5 -78 -31z\"\/><path d=\"M3085 3251 c-45 -19 -58 -50 -96 -229 -47 -217 -49 -260 -13 -295 52 -53 146 -42 177 20 16 31 87 366 87 410 0 70 -86 122 -155 94z\"\/><path d=\"M1751 3234 c-13 -9 -29 -31 -37 -50 -12 -29 -10 -49 21 -204 19 -94 39 -189 45 -210 14 -50 54 -80 110 -80 34 0 48 6 76 34 21 21 34 44 34 59 0 14 -18 113 -40 219 -37 178 -43 195 -70 221 -36 32 -101 37 -139 11z\"\/><path d=\"M1163 3073 c-36 -7 -73 -59 -73 -102 0 -56 133 -378 171 -413 34 -32 83 -37 129 -13 70 36 67 87 -16 290 -86 209 -89 214 -129 231 -35 14 -42 15 -82 7z\"\/><path d=\"M3689 3066 c-15 -9 -33 -30 -42 -48 -48 -103 -147 -355 -147 -375 0 -98 131 -148 192 -74 13 15 57 108 97 206 80 196 84 226 37 273 -30 30 -99 39 -137 18z\"\/><path d=\"M583 2784 c-38 -19 -67 -74 -58 -113 9 -42 211 -354 242 -373 16 -10 45 -18 66 -18 51 0 107 52 107 100 0 39 -1 41 -124 234 -80 126 -108 162 -133 173 -41 17 -61 16 -100 -3z\"\/><path d=\"M4250 2784 c-14 -9 -74 -91 -133 -183 -95 -150 -107 -173 -107 -213 0 -55 33 -94 87 -104 67 -13 90 8 211 198 130 202 137 225 78 284 -27 27 -42 34 -72 34 -22 0 -50 -8 -64 -16z\"\/><path d=\"M2275 2693 c-553 -48 -1095 -270 -1585 -649 -135 -104 -459 -423 -483 -476 -23 -49 -22 -139 2 -186 73 -142 361 -457 571 -626 285 -228 642 -407 990 -497 242 -63 336 -73 660 -74 310 0 370 5 595 52 535 111 1045 392 1455 803 122 121 250 273 275 326 19 41 19 137 0 174 -41 79 -309 363 -465 492 -447 370 -946 591 -1479 653 -113 14 -422 18 -536 8z m395 -428 c171 -34 330 -124 456 -258 112 -119 167 -219 211 -378 27 -96 24 -300 -5 -401 -72 -255 -236 -447 -474 -557 -132 -62 -201 -76 -368 -76 -167 0 -236 14 -368 76 -213 98 -373 271 -451 485 -162 444 86 934 547 1084 153 49 292 57 452 25z m909 -232 c222 -123 408 -262 593 -441 76 -74 138 -139 138 -144 0 -16 -233 -242 -330 -319 -155 -123 -309 -223 -461 -299 l-81 -41 32 46 c18 26 49 83 70 128 143 306 141 649 -6 957 -25 52 -61 116 -79 142 l-34 47 45 -20 c26 -10 76 -36 113 -56z m-2057 25 c-40 -58 -105 -190 -130 -263 -110 -324 -59 -707 132 -981 25 -35 42 -64 37 -64 -19 0 -241 119 -326 174 -188 122 -406 314 -532 468 l-58 71 108 103 c185 178 428 349 672 473 66 33 121 60 123 61 2 0 -10 -19 -26 -42z\"\/><path d=\"M2375 1950 c-198 -44 -350 -190 -395 -379 -18 -76 -8 -221 19 -290 114 -284 457 -406 731 -260 98 52 188 154 231 260 27 69 37 214 19 290 -38 163 -166 304 -326 360 -67 23 -215 33 -279 19z\"\/><\/g><\/svg><\/i> <img loading=\"lazy\" decoding=\"async\" width=\"16\" height=\"16\" alt=\"Loading\" src=\"https:\/\/locupali.com\/WordPress\/wp-content\/plugins\/page-views-count\/ajax-loader-2x.gif\" border=0 \/><\/p><div class=\"pvc_clear\"><\/div>","protected":false},"excerpt":{"rendered":"<p>Comme son intitul\u00e9 l&#8217;indique, cette page vous propose de retrouver rapidement des informations qui vous concernent.Vous pourrez : &#8211; V\u00e9rifier \u00e0 quelle(s) sortie(s) vous participez &#8211; Visualiser le planning synth\u00e9tique annuel des diff\u00e9rentes sorties &#8211; Voir la proc\u00e9dure d&#8217;inscription aux sorties &#8211; Lire la proc\u00e9dure de paiement par virement &#8211; Consulter les archives de toutes&hellip; <br \/> <a class=\"read-more\" href=\"https:\/\/locupali.com\/WordPress\/index.php\/aide-memoire\/\">Lire la suite<\/a><\/p>\n","protected":false},"author":1,"featured_media":0,"parent":0,"menu_order":0,"comment_status":"closed","ping_status":"closed","template":"","meta":{"footnotes":""},"class_list":["post-1598","page","type-page","status-publish","hentry"],"_links":{"self":[{"href":"https:\/\/locupali.com\/WordPress\/index.php\/wp-json\/wp\/v2\/pages\/1598","targetHints":{"allow":["GET"]}}],"collection":[{"href":"https:\/\/locupali.com\/WordPress\/index.php\/wp-json\/wp\/v2\/pages"}],"about":[{"href":"https:\/\/locupali.com\/WordPress\/index.php\/wp-json\/wp\/v2\/types\/page"}],"author":[{"embeddable":true,"href":"https:\/\/locupali.com\/WordPress\/index.php\/wp-json\/wp\/v2\/users\/1"}],"replies":[{"embeddable":true,"href":"https:\/\/locupali.com\/WordPress\/index.php\/wp-json\/wp\/v2\/comments?post=1598"}],"version-history":[{"count":121,"href":"https:\/\/locupali.com\/WordPress\/index.php\/wp-json\/wp\/v2\/pages\/1598\/revisions"}],"predecessor-version":[{"id":3448,"href":"https:\/\/locupali.com\/WordPress\/index.php\/wp-json\/wp\/v2\/pages\/1598\/revisions\/3448"}],"wp:attachment":[{"href":"https:\/\/locupali.com\/WordPress\/index.php\/wp-json\/wp\/v2\/media?parent=1598"}],"curies":[{"name":"wp","href":"https:\/\/api.w.org\/{rel}","templated":true}]}}